{"id":459,"date":"2023-06-21T11:36:14","date_gmt":"2023-06-21T14:36:14","guid":{"rendered":"https:\/\/www.allstrategy.com\/es\/?page_id=459"},"modified":"2024-12-03T16:28:02","modified_gmt":"2024-12-03T19:28:02","slug":"formulario-de-contacto","status":"publish","type":"page","link":"https:\/\/www.allstrategy.com\/es\/formulario-de-contacto\/","title":{"rendered":"Formul\u00e1rio de contato"},"content":{"rendered":"<div class='breakdance'><section class=\"bde-section-459-100 bde-section\">\n  \n\t\n\n\n\n<div class=\"section-container\"><div class=\"bde-columns-459-101 bde-columns\"><div class=\"bde-column-459-102 bde-column\">\n  \n\t\n\n\n\n<div class=\"bde-div-459-109 bde-div\">\n  \n\t\n\n\n\n<div class=\"bde-text-459-104 bde-text\">\nSOFTWARES DE GESTI\u00d3N FINANCIERA\n<\/div><h1 class=\"bde-heading-459-105 bde-heading\">\n\u00bfEn qu\u00e9 podemos ayudarle?\n<\/h1><div class=\"bde-text-459-106 bde-text\">\nObtenga m\u00e1s informaci\u00f3n sobre las ventajas de nuestro software de gesti\u00f3n presupuestaria y tesorer\u00eda, valores y c\u00f3mo funciona el proceso de implantaci\u00f3n.<br><br>Rellene el formulario del lateral o llame al +55 (41) 3013-2254 y aprenda a lograr una gesti\u00f3n financiera m\u00e1s estrat\u00e9gica y sin complicaciones.\n<\/div>\n<\/div><div class=\"bde-image-459-107 bde-image\" data-entrance=\"fade\">\n  \n\n\n\n\n\n<figure class=\"breakdance-image breakdance-image--4574\">\n\t<div class=\"breakdance-image-container\">\n\t\t<div class=\"breakdance-image-clip\">\n\t\t\t\n\t\t\t\t\n\t\t\t\t\t      \n  \n  \n  \n  \n      \n      <img decoding=\"async\"\n      class=\"breakdance-image-object\"\n      src=\"https:\/\/www.allstrategy.com\/es\/wp-content\/uploads\/2023\/10\/ESP_FormularioContato.png\"\n      width=\"670\"\n      height=\"694\"\n      \n      loading=\"lazy\"\n                        srcset=\"https:\/\/www.allstrategy.com\/es\/wp-content\/uploads\/2023\/10\/ESP_FormularioContato.png 670w, https:\/\/www.allstrategy.com\/es\/wp-content\/uploads\/2023\/10\/ESP_FormularioContato-290x300.png 290w\"\n                                sizes=\"auto, (max-width: 670px) 100vw, 670px\"\n                  >\n  \n\n\t\t\t\t\t\n\t\t\t\t\t\t<\/div>\n\t<\/div>\n\n\t<\/figure>\n\n<\/div>\n<\/div><div class=\"bde-column-459-103 bde-column\">\n  \n\t\n\n\n\n<div class=\"bde-div-459-108 bde-div\">\n  \n\t\n\n\n\n<h1 class=\"bde-heading-459-111 bde-heading\">\nRellene el formulario y nos pondremos en contacto con usted en breve.\n<\/h1><div class=\"bde-form-builder-459-112 bde-form-builder\">\n\n\n<form id=\"form-contato-espanhol112\" class=\"breakdance-form breakdance-form--vertical \" data-options=\"{&quot;slug&quot;:&quot;custom&quot;,&quot;name&quot;:&quot;Form Contato Espanhol&quot;,&quot;ajaxUrl&quot;:&quot;https:\\\/\\\/www.allstrategy.com\\\/es\\\/wp-admin\\\/admin-ajax.php&quot;,&quot;clearOnSuccess&quot;:true,&quot;hideOnSuccess&quot;:true,&quot;successMessage&quot;:&quot;\\u00a1Tu mensaje ha sido recibido. Pronto nos pondremos en contacto contigo!&quot;,&quot;errorMessage&quot;:&quot;Algo sali\\u00f3 mal&quot;,&quot;redirect&quot;:null,&quot;redirectUrl&quot;:null,&quot;customJavaScript&quot;:null,&quot;recaptcha&quot;:{&quot;key&quot;:&quot;&quot;,&quot;enabled&quot;:null},&quot;honeypot_enabled&quot;:null,&quot;popupsOnSuccess&quot;:[],&quot;popupsOnError&quot;:[]}\" data-steps=\"0\" >\n  \n  \n  \n<div class=\"breakdance-form-field breakdance-form-field--text\" >\n    \n    \n            <label class=\"breakdance-form-field__label\" for=\"cf_nome_do_lead\">\n            Nombre y apellidos<span class=\"breakdance-form-field__required\">*<\/span>\n        <\/label>\n    \n    <input\n    class=\"breakdance-form-field__input\"\n    id=\"cf_nome_do_lead\"\n    aria-describedby=\"cf_nome_do_lead\"\n    type=\"text\"\n    name=\"fields[cf_nome_do_lead]\"\n    placeholder=\"Nombre y apellidos\"\n    value=\"\"\n                \n        \n        \n    required\n    \n    \n>\n\n\n    \n    \n<\/div>\n\n\n<div class=\"breakdance-form-field breakdance-form-field--text\" >\n    \n    \n            <label class=\"breakdance-form-field__label\" for=\"cf_e_mail_do_lead\">\n            Direcci\u00f3n de correo electr\u00f3nico de la empresa<span class=\"breakdance-form-field__required\">*<\/span>\n        <\/label>\n    \n    <input\n    class=\"breakdance-form-field__input\"\n    id=\"cf_e_mail_do_lead\"\n    aria-describedby=\"cf_e_mail_do_lead\"\n    type=\"text\"\n    name=\"fields[cf_e_mail_do_lead]\"\n    placeholder=\"Direcci\u00f3n de correo electr\u00f3nico de la empresa\"\n    value=\"\"\n                \n        \n        \n    required\n    \n    \n>\n\n\n    \n    \n<\/div>\n\n\n<div class=\"breakdance-form-field breakdance-form-field--tel\" >\n    \n    \n            <label class=\"breakdance-form-field__label\" for=\"cf_telefone_do_lead\">\n            N\u00famero de tel\u00e9fono<span class=\"breakdance-form-field__required\">*<\/span>\n        <\/label>\n    \n    <input\n    class=\"breakdance-form-field__input\"\n    id=\"cf_telefone_do_lead\"\n    aria-describedby=\"cf_telefone_do_lead\"\n    type=\"tel\"\n    name=\"fields[cf_telefone_do_lead]\"\n    placeholder=\"N\u00famero de tel\u00e9fono\"\n    value=\"\"\n                \n        \n        \n    required\n    \n    \n>\n\n\n    \n    \n<\/div>\n\n\n<div class=\"breakdance-form-field breakdance-form-field--text\" >\n    \n    \n            <label class=\"breakdance-form-field__label\" for=\"zqtisf\">\n            Puesto<span class=\"breakdance-form-field__required\">*<\/span>\n        <\/label>\n    \n    <input\n    class=\"breakdance-form-field__input\"\n    id=\"zqtisf\"\n    aria-describedby=\"zqtisf\"\n    type=\"text\"\n    name=\"fields[zqtisf]\"\n    placeholder=\"Puesto\"\n    value=\"\"\n                \n        \n        \n    required\n    \n    \n>\n\n\n    \n    \n<\/div>\n\n\n<div class=\"breakdance-form-field breakdance-form-field--text\" >\n    \n    \n            <label class=\"breakdance-form-field__label\" for=\"cf_nome_da_empresa\">\n            Nombre de la empresa<span class=\"breakdance-form-field__required\">*<\/span>\n        <\/label>\n    \n    <input\n    class=\"breakdance-form-field__input\"\n    id=\"cf_nome_da_empresa\"\n    aria-describedby=\"cf_nome_da_empresa\"\n    type=\"text\"\n    name=\"fields[cf_nome_da_empresa]\"\n    placeholder=\"Nombre de la empresa\"\n    value=\"\"\n                \n        \n        \n    required\n    \n    \n>\n\n\n    \n    \n<\/div>\n\n\n<div class=\"breakdance-form-field breakdance-form-field--select\" >\n    \n    \n            <label class=\"breakdance-form-field__label\" for=\"cf_numero_de_funcionarios\">\n            N\u00famero de empleados<span class=\"breakdance-form-field__required\">*<\/span>\n        <\/label>\n    \n    <select\n    class=\"breakdance-form-field__input\"\n    id=\"cf_numero_de_funcionarios\"\n    name=\"fields[cf_numero_de_funcionarios]\"\n    required\n    \n        >\n      <option value=\"\">N\u00famero de empleados<\/option>\n          <option value=\"1 a 50\" >1 a 50<\/option>\n        <option value=\"51 a 100\" >51 a 100<\/option>\n        <option value=\"501 a 1000\" >501 a 1000<\/option>\n        <option value=\"1001 a 5000\" >1001 a 5000<\/option>\n        <option value=\"m\u00e1s de 5000\" >m\u00e1s de 5000<\/option>\n  <\/select>\n\n\n    \n    \n<\/div>\n\n\n<div class=\"breakdance-form-field breakdance-form-field--textarea\" >\n    \n    \n            <label class=\"breakdance-form-field__label\" for=\"cf_mensagem\">\n            Preguntas y comentarios\n        <\/label>\n    \n    <textarea\n    class=\"breakdance-form-field__input\"\n    id=\"cf_mensagem\"\n    aria-describedby=\"cf_mensagem\"\n    type=\"textarea\"\n    name=\"fields[cf_mensagem]\"\n        placeholder=\"Preguntas y comentarios\"\n    \n    >\n<\/textarea>\n\n\n    \n    \n<\/div>\n\n\n<div class=\"breakdance-form-field breakdance-form-field--hidden\" >\n    \n    \n    \n    <input\n    id=\"csrfToken\"\n    type=\"hidden\"\n    name=\"fields[csrfToken]\"\n    value=\"58d904e9a9\"\n    >\n\n\n    \n    \n<\/div>\n\n\n  \n\n<footer class=\"breakdance-form-field breakdance-form-footer\">\n    \n    \n                                    \n    \n    \n    \n    \n            \n            <button type=\"submit\" class=\"button-atom button-atom--primary breakdance-form-button breakdance-form-button__submit\"  >\n    \n        <span class=\"button-atom__text\">RECIBIR CONTACTO<\/span>\n\n        \n        \n            <\/button>\n    \n    <input type=\"hidden\" name=\"form_id\" value=\"112\">\n    <input type=\"hidden\" name=\"post_id\" value=\"459\">\n<\/footer>\n\n  \n<\/form>\n\n\n\n<\/div><div class=\"bde-code-block-459-114 bde-code-block\">\n\n\n\n<\/div><div class=\"bde-text-459-113 bde-text\">\nAl hacer clic en el bot\u00f3n RECIBIR CONTACTO, usted acepta el uso de los datos que se le proporcionan a un contacto comercial por correo electr\u00f3nico o por tel\u00e9fono y recibir materiales de marketing de AllStrategy. Para obtener m\u00e1s informaci\u00f3n sobre nuestras pr\u00e1cticas, consulte nuestra <a href=\"https:\/\/www.allstrategy.com\/es\/politica-de-privacidad\/\"target=\"_blank\">Pol\u00edtica de Privacidad.<\/a>\n<\/div>\n<\/div>\n<\/div><\/div><\/div>\n<\/section><\/div>","protected":false},"excerpt":{"rendered":"<p>SOFTWARES DE GESTI\u00d3N FINANCIERA \u00bfEn qu\u00e9 podemos ayudarle? Obtenga m\u00e1s informaci\u00f3n sobre las ventajas de nuestro software de gesti\u00f3n presupuestaria y tesorer\u00eda, valores y c\u00f3mo funciona el proceso de implantaci\u00f3n.Rellene el formulario del lateral o llame al +55 (41) 3013-2254 y aprenda a lograr una gesti\u00f3n financiera m\u00e1s estrat\u00e9gica y sin complicaciones. Rellene el formulario [&hellip;]<\/p>\n","protected":false},"author":1,"featured_media":0,"parent":0,"menu_order":0,"comment_status":"closed","ping_status":"closed","template":"","meta":{"_breakdance_hide_in_design_set":false,"_breakdance_tags":"","footnotes":""},"class_list":["post-459","page","type-page","status-publish","hentry"],"yoast_head":"<!-- This site is optimized with the Yoast SEO plugin v21.5 - https:\/\/yoast.com\/wordpress\/plugins\/seo\/ -->\n<title>Formulario de Contacto - AllStrategy<\/title>\n<meta name=\"description\" content=\"Rellene el formulario de contacto y conozca m\u00e1s sobre nuestros productos, precios e implementaciones. \u00a1Solicite el contacto con nuestros expertos!\" \/>\n<meta name=\"robots\" content=\"index, follow, max-snippet:-1, max-image-preview:large, max-video-preview:-1\" \/>\n<link rel=\"canonical\" href=\"https:\/\/www.allstrategy.com\/es\/formulario-de-contacto\/\" \/>\n<meta property=\"og:locale\" content=\"pt_BR\" \/>\n<meta property=\"og:type\" content=\"article\" \/>\n<meta property=\"og:title\" content=\"Formulario de Contacto - AllStrategy\" \/>\n<meta property=\"og:description\" content=\"Rellene el formulario de contacto y conozca m\u00e1s sobre nuestros productos, precios e implementaciones. \u00a1Solicite el contacto con nuestros expertos!\" \/>\n<meta property=\"og:url\" content=\"https:\/\/www.allstrategy.com\/es\/formulario-de-contacto\/\" \/>\n<meta property=\"og:site_name\" content=\"AllStrategy\" \/>\n<meta property=\"article:publisher\" content=\"https:\/\/www.facebook.com\/allstrategy.software\/\" \/>\n<meta property=\"article:modified_time\" content=\"2024-12-03T19:28:02+00:00\" \/>\n<meta name=\"twitter:card\" content=\"summary_large_image\" \/>\n<script type=\"application\/ld+json\" class=\"yoast-schema-graph\">{\"@context\":\"https:\/\/schema.org\",\"@graph\":[{\"@type\":\"WebPage\",\"@id\":\"https:\/\/www.allstrategy.com\/es\/formulario-de-contacto\/\",\"url\":\"https:\/\/www.allstrategy.com\/es\/formulario-de-contacto\/\",\"name\":\"Formulario de Contacto - AllStrategy\",\"isPartOf\":{\"@id\":\"https:\/\/www.allstrategy.com\/es\/#website\"},\"datePublished\":\"2023-06-21T14:36:14+00:00\",\"dateModified\":\"2024-12-03T19:28:02+00:00\",\"description\":\"Rellene el formulario de contacto y conozca m\u00e1s sobre nuestros productos, precios e implementaciones. \u00a1Solicite el contacto con nuestros expertos!\",\"breadcrumb\":{\"@id\":\"https:\/\/www.allstrategy.com\/es\/formulario-de-contacto\/#breadcrumb\"},\"inLanguage\":\"pt-BR\",\"potentialAction\":[{\"@type\":\"ReadAction\",\"target\":[\"https:\/\/www.allstrategy.com\/es\/formulario-de-contacto\/\"]}]},{\"@type\":\"BreadcrumbList\",\"@id\":\"https:\/\/www.allstrategy.com\/es\/formulario-de-contacto\/#breadcrumb\",\"itemListElement\":[{\"@type\":\"ListItem\",\"position\":1,\"name\":\"In\u00edcio\",\"item\":\"https:\/\/www.allstrategy.com\/es\/\"},{\"@type\":\"ListItem\",\"position\":2,\"name\":\"Formul\u00e1rio de contato\"}]},{\"@type\":\"WebSite\",\"@id\":\"https:\/\/www.allstrategy.com\/es\/#website\",\"url\":\"https:\/\/www.allstrategy.com\/es\/\",\"name\":\"AllStrategy - Softwares para Planejamento Or\u00e7ament\u00e1rio e Fluxo de Caixa\",\"description\":\"Softwares para Gest\u00e3o Financeira\",\"potentialAction\":[{\"@type\":\"SearchAction\",\"target\":{\"@type\":\"EntryPoint\",\"urlTemplate\":\"https:\/\/www.allstrategy.com\/es\/?s={search_term_string}\"},\"query-input\":\"required name=search_term_string\"}],\"inLanguage\":\"pt-BR\"}]}<\/script>\n<!-- \/ Yoast SEO plugin. -->","yoast_head_json":{"title":"Formulario de Contacto - AllStrategy","description":"Rellene el formulario de contacto y conozca m\u00e1s sobre nuestros productos, precios e implementaciones. \u00a1Solicite el contacto con nuestros expertos!","robots":{"index":"index","follow":"follow","max-snippet":"max-snippet:-1","max-image-preview":"max-image-preview:large","max-video-preview":"max-video-preview:-1"},"canonical":"https:\/\/www.allstrategy.com\/es\/formulario-de-contacto\/","og_locale":"pt_BR","og_type":"article","og_title":"Formulario de Contacto - AllStrategy","og_description":"Rellene el formulario de contacto y conozca m\u00e1s sobre nuestros productos, precios e implementaciones. \u00a1Solicite el contacto con nuestros expertos!","og_url":"https:\/\/www.allstrategy.com\/es\/formulario-de-contacto\/","og_site_name":"AllStrategy","article_publisher":"https:\/\/www.facebook.com\/allstrategy.software\/","article_modified_time":"2024-12-03T19:28:02+00:00","twitter_card":"summary_large_image","schema":{"@context":"https:\/\/schema.org","@graph":[{"@type":"WebPage","@id":"https:\/\/www.allstrategy.com\/es\/formulario-de-contacto\/","url":"https:\/\/www.allstrategy.com\/es\/formulario-de-contacto\/","name":"Formulario de Contacto - AllStrategy","isPartOf":{"@id":"https:\/\/www.allstrategy.com\/es\/#website"},"datePublished":"2023-06-21T14:36:14+00:00","dateModified":"2024-12-03T19:28:02+00:00","description":"Rellene el formulario de contacto y conozca m\u00e1s sobre nuestros productos, precios e implementaciones. \u00a1Solicite el contacto con nuestros expertos!","breadcrumb":{"@id":"https:\/\/www.allstrategy.com\/es\/formulario-de-contacto\/#breadcrumb"},"inLanguage":"pt-BR","potentialAction":[{"@type":"ReadAction","target":["https:\/\/www.allstrategy.com\/es\/formulario-de-contacto\/"]}]},{"@type":"BreadcrumbList","@id":"https:\/\/www.allstrategy.com\/es\/formulario-de-contacto\/#breadcrumb","itemListElement":[{"@type":"ListItem","position":1,"name":"In\u00edcio","item":"https:\/\/www.allstrategy.com\/es\/"},{"@type":"ListItem","position":2,"name":"Formul\u00e1rio de contato"}]},{"@type":"WebSite","@id":"https:\/\/www.allstrategy.com\/es\/#website","url":"https:\/\/www.allstrategy.com\/es\/","name":"AllStrategy - Softwares para Planejamento Or\u00e7ament\u00e1rio e Fluxo de Caixa","description":"Softwares para Gest\u00e3o Financeira","potentialAction":[{"@type":"SearchAction","target":{"@type":"EntryPoint","urlTemplate":"https:\/\/www.allstrategy.com\/es\/?s={search_term_string}"},"query-input":"required name=search_term_string"}],"inLanguage":"pt-BR"}]}},"_links":{"self":[{"href":"https:\/\/www.allstrategy.com\/es\/wp-json\/wp\/v2\/pages\/459","targetHints":{"allow":["GET"]}}],"collection":[{"href":"https:\/\/www.allstrategy.com\/es\/wp-json\/wp\/v2\/pages"}],"about":[{"href":"https:\/\/www.allstrategy.com\/es\/wp-json\/wp\/v2\/types\/page"}],"author":[{"embeddable":true,"href":"https:\/\/www.allstrategy.com\/es\/wp-json\/wp\/v2\/users\/1"}],"replies":[{"embeddable":true,"href":"https:\/\/www.allstrategy.com\/es\/wp-json\/wp\/v2\/comments?post=459"}],"version-history":[{"count":34,"href":"https:\/\/www.allstrategy.com\/es\/wp-json\/wp\/v2\/pages\/459\/revisions"}],"predecessor-version":[{"id":4939,"href":"https:\/\/www.allstrategy.com\/es\/wp-json\/wp\/v2\/pages\/459\/revisions\/4939"}],"wp:attachment":[{"href":"https:\/\/www.allstrategy.com\/es\/wp-json\/wp\/v2\/media?parent=459"}],"curies":[{"name":"wp","href":"https:\/\/api.w.org\/{rel}","templated":true}]}}