{"id":410,"date":"2023-06-21T09:49:26","date_gmt":"2023-06-21T12:49:26","guid":{"rendered":"https:\/\/www.allstrategy.com\/es\/?page_id=410"},"modified":"2023-11-03T09:29:22","modified_gmt":"2023-11-03T12:29:22","slug":"demo-rapida","status":"publish","type":"page","link":"https:\/\/www.allstrategy.com\/es\/demo-rapida\/","title":{"rendered":"Demo r\u00e1pida"},"content":{"rendered":"<div class='breakdance'><section class=\"bde-section-410-100 bde-section\">\n  \n\t\n\n\n\n<div class=\"section-container\"><div class=\"bde-text-410-101 bde-text\">\nDEMONSTRACI\u00d3N R\u00c1PIDA\n<\/div><h2 id=\"plano\" class=\"bde-heading-410-102 bde-heading\">\nAllStrategy Plano\n<\/h2><div class=\"bde-text-410-103 bde-text\">\nMira la demostraci\u00f3n r\u00e1pida a continuaci\u00f3n y conoce Allstrategy Plano, el software para planificar y hacer <br>seguimiento de todos los gastos de tu negocio.\n<\/div><div class=\"bde-video-410-104 bde-video\">\n<div class=\"ee-video-container\">\n                                                                            \n                                \n                <iframe\n                        class=\"ee-video lozad\"\n                                data-src=\"https:\/\/www.youtube.com\/embed\/WvVlKiN7UxI?start=5&feature=oembed&playsinline=0&rel=0\"\n                frameborder=\"0\"\n                allow=\"accelerometer; autoplay; clipboard-write; encrypted-media; gyroscope; picture-in-picture\"\n                allowfullscreen>\n                <\/iframe>\n                    \n        \n            \n    <\/div>\n\n<\/div><div class=\"bde-button-410-121 bde-button\">\n    \n                                    \n    \n    \n    \n    \n            \n                    \n            \n            \n\n    \n    \n    \n    \n    <a class=\"breakdance-link button-atom button-atom--custom bde-button__button\" href=\"https:\/\/www.allstrategy.com\/es\/plano-demo\/\" target=\"_self\" data-type=\"url\"  >\n\n    \n        <span class=\"button-atom__text\">Hablar com um especialista<\/span>\n\n        \n        \n                <\/a>\n\n    \n\n\n<\/div><\/div>\n<\/section><section class=\"bde-section-410-106 bde-section\">\n  \n\t\n\n\n\n<div class=\"section-container\"><div class=\"bde-text-410-107 bde-text\">\nDEMONSTRACI\u00d3N R\u00c1PIDA\n<\/div><h2 id=\"fluxo\" class=\"bde-heading-410-112 bde-heading\">\nAllStrategy Fluxo\n<\/h2><div class=\"bde-text-410-109 bde-text\">\nMira la demostraci\u00f3n r\u00e1pida a continuaci\u00f3n y conoce AllStrategy Fluxo, el <br>software para el seguimiento del flujo de efectivo.\n<\/div><div class=\"bde-video-410-110 bde-video\">\n<div class=\"ee-video-container\">\n                                                                            \n                                \n                <iframe\n                        class=\"ee-video lozad\"\n                                data-src=\"https:\/\/www.youtube.com\/embed\/KAYbrZpIaIE?feature=oembed&playsinline=0&rel=0\"\n                frameborder=\"0\"\n                allow=\"accelerometer; autoplay; clipboard-write; encrypted-media; gyroscope; picture-in-picture\"\n                allowfullscreen>\n                <\/iframe>\n                    \n        \n            \n    <\/div>\n\n<\/div><div class=\"bde-button-410-119 bde-button\">\n    \n                                    \n    \n    \n    \n    \n            \n                    \n            \n            \n\n    \n    \n    \n    \n    <a class=\"breakdance-link button-atom button-atom--custom bde-button__button\" href=\"https:\/\/www.allstrategy.com\/es\/formulario-de-contato\/\" target=\"_self\" data-type=\"url\"  >\n\n    \n        <span class=\"button-atom__text\">Hablar com um especialista<\/span>\n\n        \n        \n                <\/a>\n\n    \n\n\n<\/div><\/div>\n<\/section><\/div>","protected":false},"excerpt":{"rendered":"<p>DEMONSTRACI\u00d3N R\u00c1PIDA AllStrategy Plano Mira la demostraci\u00f3n r\u00e1pida a continuaci\u00f3n y conoce Allstrategy Plano, el software para planificar y hacer seguimiento de todos los gastos de tu negocio. Hablar com um especialista DEMONSTRACI\u00d3N R\u00c1PIDA AllStrategy Fluxo Mira la demostraci\u00f3n r\u00e1pida a continuaci\u00f3n y conoce AllStrategy Fluxo, el software para el seguimiento del flujo de efectivo. [&hellip;]<\/p>\n","protected":false},"author":1,"featured_media":0,"parent":0,"menu_order":0,"comment_status":"closed","ping_status":"closed","template":"","meta":{"_breakdance_hide_in_design_set":false,"_breakdance_tags":"","footnotes":""},"class_list":["post-410","page","type-page","status-publish","hentry"],"yoast_head":"<!-- This site is optimized with the Yoast SEO plugin v21.5 - https:\/\/yoast.com\/wordpress\/plugins\/seo\/ -->\n<title>Demo R\u00e1pida - AllStrategy<\/title>\n<meta name=\"description\" content=\"Rellene el formulario para ver una demostraci\u00f3n r\u00e1pida del Software AllStrategy Plano y AllStrategy Fluxo.\" \/>\n<meta name=\"robots\" content=\"index, follow, max-snippet:-1, max-image-preview:large, max-video-preview:-1\" \/>\n<link rel=\"canonical\" href=\"https:\/\/www.allstrategy.com\/es\/demo-rapida\/\" \/>\n<meta property=\"og:locale\" content=\"pt_BR\" \/>\n<meta property=\"og:type\" content=\"article\" \/>\n<meta property=\"og:title\" content=\"Demo R\u00e1pida - AllStrategy\" \/>\n<meta property=\"og:description\" content=\"Rellene el formulario para ver una demostraci\u00f3n r\u00e1pida del Software AllStrategy Plano y AllStrategy Fluxo.\" \/>\n<meta property=\"og:url\" content=\"https:\/\/www.allstrategy.com\/es\/demo-rapida\/\" \/>\n<meta property=\"og:site_name\" content=\"AllStrategy\" \/>\n<meta property=\"article:publisher\" content=\"https:\/\/www.facebook.com\/allstrategy.software\/\" \/>\n<meta property=\"article:modified_time\" content=\"2023-11-03T12:29:22+00:00\" \/>\n<meta name=\"twitter:card\" content=\"summary_large_image\" \/>\n<script type=\"application\/ld+json\" class=\"yoast-schema-graph\">{\"@context\":\"https:\/\/schema.org\",\"@graph\":[{\"@type\":\"WebPage\",\"@id\":\"https:\/\/www.allstrategy.com\/es\/demo-rapida\/\",\"url\":\"https:\/\/www.allstrategy.com\/es\/demo-rapida\/\",\"name\":\"Demo R\u00e1pida - AllStrategy\",\"isPartOf\":{\"@id\":\"https:\/\/www.allstrategy.com\/es\/#website\"},\"datePublished\":\"2023-06-21T12:49:26+00:00\",\"dateModified\":\"2023-11-03T12:29:22+00:00\",\"description\":\"Rellene el formulario para ver una demostraci\u00f3n r\u00e1pida del Software AllStrategy Plano y AllStrategy Fluxo.\",\"breadcrumb\":{\"@id\":\"https:\/\/www.allstrategy.com\/es\/demo-rapida\/#breadcrumb\"},\"inLanguage\":\"pt-BR\",\"potentialAction\":[{\"@type\":\"ReadAction\",\"target\":[\"https:\/\/www.allstrategy.com\/es\/demo-rapida\/\"]}]},{\"@type\":\"BreadcrumbList\",\"@id\":\"https:\/\/www.allstrategy.com\/es\/demo-rapida\/#breadcrumb\",\"itemListElement\":[{\"@type\":\"ListItem\",\"position\":1,\"name\":\"In\u00edcio\",\"item\":\"https:\/\/www.allstrategy.com\/es\/\"},{\"@type\":\"ListItem\",\"position\":2,\"name\":\"Demo r\u00e1pida\"}]},{\"@type\":\"WebSite\",\"@id\":\"https:\/\/www.allstrategy.com\/es\/#website\",\"url\":\"https:\/\/www.allstrategy.com\/es\/\",\"name\":\"AllStrategy - Softwares para Planejamento Or\u00e7ament\u00e1rio e Fluxo de Caixa\",\"description\":\"Softwares para Gest\u00e3o Financeira\",\"potentialAction\":[{\"@type\":\"SearchAction\",\"target\":{\"@type\":\"EntryPoint\",\"urlTemplate\":\"https:\/\/www.allstrategy.com\/es\/?s={search_term_string}\"},\"query-input\":\"required name=search_term_string\"}],\"inLanguage\":\"pt-BR\"}]}<\/script>\n<!-- \/ Yoast SEO plugin. -->","yoast_head_json":{"title":"Demo R\u00e1pida - AllStrategy","description":"Rellene el formulario para ver una demostraci\u00f3n r\u00e1pida del Software AllStrategy Plano y AllStrategy Fluxo.","robots":{"index":"index","follow":"follow","max-snippet":"max-snippet:-1","max-image-preview":"max-image-preview:large","max-video-preview":"max-video-preview:-1"},"canonical":"https:\/\/www.allstrategy.com\/es\/demo-rapida\/","og_locale":"pt_BR","og_type":"article","og_title":"Demo R\u00e1pida - AllStrategy","og_description":"Rellene el formulario para ver una demostraci\u00f3n r\u00e1pida del Software AllStrategy Plano y AllStrategy Fluxo.","og_url":"https:\/\/www.allstrategy.com\/es\/demo-rapida\/","og_site_name":"AllStrategy","article_publisher":"https:\/\/www.facebook.com\/allstrategy.software\/","article_modified_time":"2023-11-03T12:29:22+00:00","twitter_card":"summary_large_image","schema":{"@context":"https:\/\/schema.org","@graph":[{"@type":"WebPage","@id":"https:\/\/www.allstrategy.com\/es\/demo-rapida\/","url":"https:\/\/www.allstrategy.com\/es\/demo-rapida\/","name":"Demo R\u00e1pida - AllStrategy","isPartOf":{"@id":"https:\/\/www.allstrategy.com\/es\/#website"},"datePublished":"2023-06-21T12:49:26+00:00","dateModified":"2023-11-03T12:29:22+00:00","description":"Rellene el formulario para ver una demostraci\u00f3n r\u00e1pida del Software AllStrategy Plano y AllStrategy Fluxo.","breadcrumb":{"@id":"https:\/\/www.allstrategy.com\/es\/demo-rapida\/#breadcrumb"},"inLanguage":"pt-BR","potentialAction":[{"@type":"ReadAction","target":["https:\/\/www.allstrategy.com\/es\/demo-rapida\/"]}]},{"@type":"BreadcrumbList","@id":"https:\/\/www.allstrategy.com\/es\/demo-rapida\/#breadcrumb","itemListElement":[{"@type":"ListItem","position":1,"name":"In\u00edcio","item":"https:\/\/www.allstrategy.com\/es\/"},{"@type":"ListItem","position":2,"name":"Demo r\u00e1pida"}]},{"@type":"WebSite","@id":"https:\/\/www.allstrategy.com\/es\/#website","url":"https:\/\/www.allstrategy.com\/es\/","name":"AllStrategy - Softwares para Planejamento Or\u00e7ament\u00e1rio e Fluxo de Caixa","description":"Softwares para Gest\u00e3o Financeira","potentialAction":[{"@type":"SearchAction","target":{"@type":"EntryPoint","urlTemplate":"https:\/\/www.allstrategy.com\/es\/?s={search_term_string}"},"query-input":"required name=search_term_string"}],"inLanguage":"pt-BR"}]}},"_links":{"self":[{"href":"https:\/\/www.allstrategy.com\/es\/wp-json\/wp\/v2\/pages\/410","targetHints":{"allow":["GET"]}}],"collection":[{"href":"https:\/\/www.allstrategy.com\/es\/wp-json\/wp\/v2\/pages"}],"about":[{"href":"https:\/\/www.allstrategy.com\/es\/wp-json\/wp\/v2\/types\/page"}],"author":[{"embeddable":true,"href":"https:\/\/www.allstrategy.com\/es\/wp-json\/wp\/v2\/users\/1"}],"replies":[{"embeddable":true,"href":"https:\/\/www.allstrategy.com\/es\/wp-json\/wp\/v2\/comments?post=410"}],"version-history":[{"count":10,"href":"https:\/\/www.allstrategy.com\/es\/wp-json\/wp\/v2\/pages\/410\/revisions"}],"predecessor-version":[{"id":4783,"href":"https:\/\/www.allstrategy.com\/es\/wp-json\/wp\/v2\/pages\/410\/revisions\/4783"}],"wp:attachment":[{"href":"https:\/\/www.allstrategy.com\/es\/wp-json\/wp\/v2\/media?parent=410"}],"curies":[{"name":"wp","href":"https:\/\/api.w.org\/{rel}","templated":true}]}}