{"id":299,"date":"2023-06-19T16:08:12","date_gmt":"2023-06-19T19:08:12","guid":{"rendered":"https:\/\/www.allstrategy.com\/es\/?page_id=299"},"modified":"2024-02-05T09:43:20","modified_gmt":"2024-02-05T12:43:20","slug":"allstrategy-plano-demo","status":"publish","type":"page","link":"https:\/\/www.allstrategy.com\/es\/allstrategy-plano-demo\/","title":{"rendered":"AllStrategy Plano &#8211; Demo"},"content":{"rendered":"<div class='breakdance'><section class=\"bde-section-299-100 bde-section\">\n  \n\t\n\n\n\n<div class=\"section-container\"><div class=\"bde-text-299-102 bde-text\">\nDEMONSTRACI\u00d3N R\u00c1PIDA\n<\/div><h2 id=\"plano\" class=\"bde-heading-299-103 bde-heading\">\nAllStrategy Plano\n<\/h2><div class=\"bde-text-299-104 bde-text\">\nVea la demostraci\u00f3n r\u00e1pida a continuaci\u00f3n y conozca el Plan Allstrategy. <br>Software para planificar y realizar un seguimiento de todos los gastos de su negocio.\n<\/div><div class=\"bde-video-299-105 bde-video\">\n<div class=\"ee-video-container\">\n                                                                        \n                <lite-youtube\n                        videoid=\"WvVlKiN7UxI\"\n                                                style=\"background-image: url(https:\/\/i.ytimg.com\/vi\/WvVlKiN7UxI\/maxresdefault.jpg); \"\n                        class=\"ee-video\"\n                        title=\"\"\n                        params=\"&playsinline=0&rel=0\"\n                >\n                <\/lite-youtube>\n                    \n        \n            \n    <\/div>\n\n<\/div><div class=\"bde-button-299-107 bde-button\">\n    \n                                    \n    \n    \n    \n    \n            \n                    \n            \n            \n\n    \n    \n    \n    \n    <a class=\"breakdance-link button-atom button-atom--custom bde-button__button\" href=\"https:\/\/www.allstrategy.com\/es\/plano-demo\/\" target=\"_self\" data-type=\"url\"  >\n\n    \n        <span class=\"button-atom__text\">Hablar com um especialista<\/span>\n\n        \n        \n                <\/a>\n\n    \n\n\n<\/div><\/div>\n<\/section><\/div>","protected":false},"excerpt":{"rendered":"<p>DEMONSTRACI\u00d3N R\u00c1PIDA AllStrategy Plano Vea la demostraci\u00f3n r\u00e1pida a continuaci\u00f3n y conozca el Plan Allstrategy. Software para planificar y realizar un seguimiento de todos los gastos de su negocio. Hablar com um especialista<\/p>\n","protected":false},"author":1,"featured_media":0,"parent":0,"menu_order":0,"comment_status":"closed","ping_status":"closed","template":"","meta":{"_breakdance_hide_in_design_set":false,"_breakdance_tags":"","footnotes":""},"class_list":["post-299","page","type-page","status-publish","hentry"],"yoast_head":"<!-- This site is optimized with the Yoast SEO plugin v21.5 - https:\/\/yoast.com\/wordpress\/plugins\/seo\/ -->\n<title>Demo AllStrategy Plano<\/title>\n<meta name=\"description\" content=\"Vea una demo r\u00e1pida de AllStrategy Plano, el software de planificaci\u00f3n presupuestaria m\u00e1s completo del mercado.\" \/>\n<meta name=\"robots\" content=\"index, follow, max-snippet:-1, max-image-preview:large, max-video-preview:-1\" \/>\n<link rel=\"canonical\" href=\"https:\/\/www.allstrategy.com\/es\/allstrategy-plano-demo\/\" \/>\n<meta property=\"og:locale\" content=\"pt_BR\" \/>\n<meta property=\"og:type\" content=\"article\" \/>\n<meta property=\"og:title\" content=\"Demo AllStrategy Plano\" \/>\n<meta property=\"og:description\" content=\"Vea una demo r\u00e1pida de AllStrategy Plano, el software de planificaci\u00f3n presupuestaria m\u00e1s completo del mercado.\" \/>\n<meta property=\"og:url\" content=\"https:\/\/www.allstrategy.com\/es\/allstrategy-plano-demo\/\" \/>\n<meta property=\"og:site_name\" content=\"AllStrategy\" \/>\n<meta property=\"article:publisher\" content=\"https:\/\/www.facebook.com\/allstrategy.software\/\" \/>\n<meta property=\"article:modified_time\" content=\"2024-02-05T12:43:20+00:00\" \/>\n<meta name=\"twitter:card\" content=\"summary_large_image\" \/>\n<script type=\"application\/ld+json\" class=\"yoast-schema-graph\">{\"@context\":\"https:\/\/schema.org\",\"@graph\":[{\"@type\":\"WebPage\",\"@id\":\"https:\/\/www.allstrategy.com\/es\/allstrategy-plano-demo\/\",\"url\":\"https:\/\/www.allstrategy.com\/es\/allstrategy-plano-demo\/\",\"name\":\"Demo AllStrategy Plano\",\"isPartOf\":{\"@id\":\"https:\/\/www.allstrategy.com\/es\/#website\"},\"datePublished\":\"2023-06-19T19:08:12+00:00\",\"dateModified\":\"2024-02-05T12:43:20+00:00\",\"description\":\"Vea una demo r\u00e1pida de AllStrategy Plano, el software de planificaci\u00f3n presupuestaria m\u00e1s completo del mercado.\",\"breadcrumb\":{\"@id\":\"https:\/\/www.allstrategy.com\/es\/allstrategy-plano-demo\/#breadcrumb\"},\"inLanguage\":\"pt-BR\",\"potentialAction\":[{\"@type\":\"ReadAction\",\"target\":[\"https:\/\/www.allstrategy.com\/es\/allstrategy-plano-demo\/\"]}]},{\"@type\":\"BreadcrumbList\",\"@id\":\"https:\/\/www.allstrategy.com\/es\/allstrategy-plano-demo\/#breadcrumb\",\"itemListElement\":[{\"@type\":\"ListItem\",\"position\":1,\"name\":\"In\u00edcio\",\"item\":\"https:\/\/www.allstrategy.com\/es\/\"},{\"@type\":\"ListItem\",\"position\":2,\"name\":\"AllStrategy Plano &#8211; Demo\"}]},{\"@type\":\"WebSite\",\"@id\":\"https:\/\/www.allstrategy.com\/es\/#website\",\"url\":\"https:\/\/www.allstrategy.com\/es\/\",\"name\":\"AllStrategy - Softwares para Planejamento Or\u00e7ament\u00e1rio e Fluxo de Caixa\",\"description\":\"Softwares para Gest\u00e3o Financeira\",\"potentialAction\":[{\"@type\":\"SearchAction\",\"target\":{\"@type\":\"EntryPoint\",\"urlTemplate\":\"https:\/\/www.allstrategy.com\/es\/?s={search_term_string}\"},\"query-input\":\"required name=search_term_string\"}],\"inLanguage\":\"pt-BR\"}]}<\/script>\n<!-- \/ Yoast SEO plugin. -->","yoast_head_json":{"title":"Demo AllStrategy Plano","description":"Vea una demo r\u00e1pida de AllStrategy Plano, el software de planificaci\u00f3n presupuestaria m\u00e1s completo del mercado.","robots":{"index":"index","follow":"follow","max-snippet":"max-snippet:-1","max-image-preview":"max-image-preview:large","max-video-preview":"max-video-preview:-1"},"canonical":"https:\/\/www.allstrategy.com\/es\/allstrategy-plano-demo\/","og_locale":"pt_BR","og_type":"article","og_title":"Demo AllStrategy Plano","og_description":"Vea una demo r\u00e1pida de AllStrategy Plano, el software de planificaci\u00f3n presupuestaria m\u00e1s completo del mercado.","og_url":"https:\/\/www.allstrategy.com\/es\/allstrategy-plano-demo\/","og_site_name":"AllStrategy","article_publisher":"https:\/\/www.facebook.com\/allstrategy.software\/","article_modified_time":"2024-02-05T12:43:20+00:00","twitter_card":"summary_large_image","schema":{"@context":"https:\/\/schema.org","@graph":[{"@type":"WebPage","@id":"https:\/\/www.allstrategy.com\/es\/allstrategy-plano-demo\/","url":"https:\/\/www.allstrategy.com\/es\/allstrategy-plano-demo\/","name":"Demo AllStrategy Plano","isPartOf":{"@id":"https:\/\/www.allstrategy.com\/es\/#website"},"datePublished":"2023-06-19T19:08:12+00:00","dateModified":"2024-02-05T12:43:20+00:00","description":"Vea una demo r\u00e1pida de AllStrategy Plano, el software de planificaci\u00f3n presupuestaria m\u00e1s completo del mercado.","breadcrumb":{"@id":"https:\/\/www.allstrategy.com\/es\/allstrategy-plano-demo\/#breadcrumb"},"inLanguage":"pt-BR","potentialAction":[{"@type":"ReadAction","target":["https:\/\/www.allstrategy.com\/es\/allstrategy-plano-demo\/"]}]},{"@type":"BreadcrumbList","@id":"https:\/\/www.allstrategy.com\/es\/allstrategy-plano-demo\/#breadcrumb","itemListElement":[{"@type":"ListItem","position":1,"name":"In\u00edcio","item":"https:\/\/www.allstrategy.com\/es\/"},{"@type":"ListItem","position":2,"name":"AllStrategy Plano &#8211; Demo"}]},{"@type":"WebSite","@id":"https:\/\/www.allstrategy.com\/es\/#website","url":"https:\/\/www.allstrategy.com\/es\/","name":"AllStrategy - Softwares para Planejamento Or\u00e7ament\u00e1rio e Fluxo de Caixa","description":"Softwares para Gest\u00e3o Financeira","potentialAction":[{"@type":"SearchAction","target":{"@type":"EntryPoint","urlTemplate":"https:\/\/www.allstrategy.com\/es\/?s={search_term_string}"},"query-input":"required name=search_term_string"}],"inLanguage":"pt-BR"}]}},"_links":{"self":[{"href":"https:\/\/www.allstrategy.com\/es\/wp-json\/wp\/v2\/pages\/299","targetHints":{"allow":["GET"]}}],"collection":[{"href":"https:\/\/www.allstrategy.com\/es\/wp-json\/wp\/v2\/pages"}],"about":[{"href":"https:\/\/www.allstrategy.com\/es\/wp-json\/wp\/v2\/types\/page"}],"author":[{"embeddable":true,"href":"https:\/\/www.allstrategy.com\/es\/wp-json\/wp\/v2\/users\/1"}],"replies":[{"embeddable":true,"href":"https:\/\/www.allstrategy.com\/es\/wp-json\/wp\/v2\/comments?post=299"}],"version-history":[{"count":10,"href":"https:\/\/www.allstrategy.com\/es\/wp-json\/wp\/v2\/pages\/299\/revisions"}],"predecessor-version":[{"id":4651,"href":"https:\/\/www.allstrategy.com\/es\/wp-json\/wp\/v2\/pages\/299\/revisions\/4651"}],"wp:attachment":[{"href":"https:\/\/www.allstrategy.com\/es\/wp-json\/wp\/v2\/media?parent=299"}],"curies":[{"name":"wp","href":"https:\/\/api.w.org\/{rel}","templated":true}]}}