{"id":117,"date":"2023-06-14T12:22:40","date_gmt":"2023-06-14T15:22:40","guid":{"rendered":"https:\/\/www.allstrategy.com\/es\/?page_id=117"},"modified":"2023-11-09T10:18:18","modified_gmt":"2023-11-09T13:18:18","slug":"contacto","status":"publish","type":"page","link":"https:\/\/www.allstrategy.com\/es\/contacto\/","title":{"rendered":"Contato"},"content":{"rendered":"<div class='breakdance'><section class=\"bde-section-117-100 bde-section\">\n  \n\t\n\n\n\n<div class=\"section-container\"><div class=\"bde-columns-117-101 bde-columns\"><div class=\"bde-column-117-102 bde-column card-contato\">\n  \n\t\n\n\n\n<h1 class=\"bde-heading-117-105 bde-heading\">\nP\u00f3ngase en contacto\n<\/h1><div class=\"bde-text-117-106 bde-text\">\n\u00bfTiene alguna pregunta o desea hablar sobre nuestros productos? P\u00f3ngase en contacto con nuestro equipo.\n<\/div><div class=\"bde-button-117-107 bde-button\">\n    \n                                    \n    \n    \n    \n    \n            \n                    \n            \n            \n\n    \n    \n    \n    \n    <a class=\"breakdance-link button-atom button-atom--custom bde-button__button\" href=\"https:\/\/www.allstrategy.com\/es\/formulario-de-contacto\/\" target=\"_self\" data-type=\"url\"  >\n\n    \n        <span class=\"button-atom__text\">Ponerte en contacto<\/span>\n\n        \n        \n                <\/a>\n\n    \n\n\n<\/div>\n<\/div><div class=\"bde-column-117-103 bde-column card-contato\">\n  \n\t\n\n\n\n<h1 class=\"bde-heading-117-108 bde-heading\">\nHable con nuestro equipo de ventas\n<\/h1><div class=\"bde-text-117-109 bde-text\">\nSolicite una demo personalizada y haga preguntas sobre nuestro software de planificaci\u00f3n presupuestaria y flujo de caja.\n<\/div><div class=\"bde-div-117-131 bde-div\">\n  \n\t\n\n\n\n<div class=\"bde-button-117-133 bde-button\">\n    \n                                    \n    \n    \n    \n    \n            \n                    \n            \n            \n\n    \n    \n    \n    \n    <a class=\"breakdance-link button-atom button-atom--custom bde-button__button\" href=\"https:\/\/api.whatsapp.com\/send?phone=5541992549529&text=Hola,%20me%20gustar%C3%ADa%20obtener%20m%C3%A1s%20informaci%C3%B3n%20sobre%20el%20software%20AllStrategy%20Plano.%20%C2%BFPuede%20ayudarme?\" target=\"_self\" data-type=\"url\"  >\n\n    \n        <span class=\"button-atom__text\">AllStrategy Plano<\/span>\n\n        \n        \n                <\/a>\n\n    \n\n\n<\/div><div class=\"bde-button-117-135 bde-button\">\n    \n                                    \n    \n    \n    \n    \n            \n                    \n            \n            \n\n    \n    \n    \n    \n    <a class=\"breakdance-link button-atom button-atom--custom bde-button__button\" href=\"https:\/\/api.whatsapp.com\/send?phone=5541992549529&text=Hola,%20me%20gustar%C3%ADa%20obtener%20m%C3%A1s%20informaci%C3%B3n%20sobre%20el%20software%20AllStrategy%20Fluxo.%20%C2%BFPuede%20ayudarme?\" target=\"_self\" data-type=\"url\"  >\n\n    \n        <span class=\"button-atom__text\">AllStrategy Fluxo<\/span>\n\n        \n        \n                <\/a>\n\n    \n\n\n<\/div>\n<\/div>\n<\/div><\/div><div class=\"bde-div-117-111 bde-div card-contato\">\n  \n\t\n\n\n\n<div class=\"bde-columns-117-112 bde-columns\"><div class=\"bde-column-117-113 bde-column\">\n  \n\t\n\n\n\n<div class=\"bde-image-117-116 bde-image\">\n  \n\n\n\n\n\n<figure class=\"breakdance-image breakdance-image--120\">\n\t<div class=\"breakdance-image-container\">\n\t\t<div class=\"breakdance-image-clip\">\n\t\t\t\n\t\t\t\t\n\t\t\t\t\t      \n  \n  \n  \n  \n      \n      <img loading=\"lazy\" decoding=\"async\"\n      class=\"breakdance-image-object\"\n      src=\"https:\/\/www.allstrategy.com\/es\/wp-content\/uploads\/2023\/06\/imagem_2023-06-14_161755069.png\"\n      width=\"238\"\n      height=\"239\"\n      \n      \n                        srcset=\"https:\/\/www.allstrategy.com\/es\/wp-content\/uploads\/2023\/06\/imagem_2023-06-14_161755069.png 238w, https:\/\/www.allstrategy.com\/es\/wp-content\/uploads\/2023\/06\/imagem_2023-06-14_161755069-150x150.png 150w\"\n                                sizes=\"auto, (max-width: 238px) 100vw, 238px\"\n                  >\n  \n\n\t\t\t\t\t\n\t\t\t\t\t\t<\/div>\n\t<\/div>\n\n\t<\/figure>\n\n<\/div>\n<\/div><div class=\"bde-column-117-114 bde-column\">\n  \n\t\n\n\n\n<h1 class=\"bde-heading-117-117 bde-heading\">\nSoporte\n<\/h1><div class=\"bde-text-117-118 bde-text\">\n\u00bfEs cliente y necesita soporte? Solicite el servicio de nuestro equipo t\u00e9cnico.\n<\/div>\n<\/div><div class=\"bde-column-117-115 bde-column\">\n  \n\t\n\n\n\n<div class=\"bde-button-117-119 bde-button\">\n    \n                                    \n    \n    \n    \n    \n            \n                    \n            \n            \n\n    \n    \n    \n    \n    <a class=\"breakdance-link button-atom button-atom--custom bde-button__button\" href=\"https:\/\/allstrategy.freshdesk.com\/support\/login\" target=\"_self\" data-type=\"url\"  >\n\n    \n        <span class=\"button-atom__text\">Solicitud<\/span>\n\n        \n        \n                <\/a>\n\n    \n\n\n<\/div>\n<\/div><\/div>\n<\/div><div class=\"bde-div-117-120 bde-div card-contato\">\n  \n\t\n\n\n\n<div class=\"bde-columns-117-121 bde-columns\"><div class=\"bde-column-117-122 bde-column\">\n  \n\t\n\n\n\n<div class=\"bde-image-117-123 bde-image\">\n  \n\n\n\n\n\n<figure class=\"breakdance-image breakdance-image--121\">\n\t<div class=\"breakdance-image-container\">\n\t\t<div class=\"breakdance-image-clip\">\n\t\t\t\n\t\t\t\t\n\t\t\t\t\t      \n  \n  \n  \n  \n      \n      <img loading=\"lazy\" decoding=\"async\"\n      class=\"breakdance-image-object\"\n      src=\"https:\/\/www.allstrategy.com\/es\/wp-content\/uploads\/2023\/06\/imagem_2023-06-14_161926319.png\"\n      width=\"249\"\n      height=\"214\"\n      \n      \n                                      sizes=\"auto, (max-width: 249px) 100vw, 249px\"\n                  >\n  \n\n\t\t\t\t\t\n\t\t\t\t\t\t<\/div>\n\t<\/div>\n\n\t<\/figure>\n\n<\/div>\n<\/div><div class=\"bde-column-117-124 bde-column\">\n  \n\t\n\n\n\n<h1 class=\"bde-heading-117-125 bde-heading\">\nTrabajar en AllStrategy\n<\/h1><div class=\"bde-text-117-126 bde-text\">\n\u00bfQuieres formar parte de nuestro equipo? Vea nuestras vacantes.\n<\/div>\n<\/div><div class=\"bde-column-117-127 bde-column\">\n  \n\t\n\n\n\n<div class=\"bde-button-117-128 bde-button\">\n    \n                                    \n    \n    \n    \n    \n            \n                    \n            \n            \n\n    \n    \n    \n    \n    <a class=\"breakdance-link button-atom button-atom--custom bde-button__button\" href=\"https:\/\/www.allstrategy.com\/es\/trabaje-con-nosotros\/\" target=\"_self\" data-type=\"url\"  >\n\n    \n        <span class=\"button-atom__text\">Ver ofertas de empleo<\/span>\n\n        \n        \n                <\/a>\n\n    \n\n\n<\/div>\n<\/div><\/div>\n<\/div><\/div>\n<\/section><\/div>","protected":false},"excerpt":{"rendered":"<p>P\u00f3ngase en contacto \u00bfTiene alguna pregunta o desea hablar sobre nuestros productos? P\u00f3ngase en contacto con nuestro equipo. Ponerte en contacto Hable con nuestro equipo de ventas Solicite una demo personalizada y haga preguntas sobre nuestro software de planificaci\u00f3n presupuestaria y flujo de caja. AllStrategy Plano AllStrategy Fluxo Soporte \u00bfEs cliente y necesita soporte? Solicite [&hellip;]<\/p>\n","protected":false},"author":1,"featured_media":0,"parent":0,"menu_order":0,"comment_status":"closed","ping_status":"closed","template":"","meta":{"_breakdance_hide_in_design_set":false,"_breakdance_tags":"","footnotes":""},"class_list":["post-117","page","type-page","status-publish","hentry"],"yoast_head":"<!-- This site is optimized with the Yoast SEO plugin v21.5 - https:\/\/yoast.com\/wordpress\/plugins\/seo\/ -->\n<title>Contacto - AllStrategy<\/title>\n<meta name=\"description\" content=\"P\u00f3ngase en contacto con nosotros para obtener m\u00e1s informaci\u00f3n sobre nuestras soluciones, solicitar ayuda a nuestro equipo t\u00e9cnico o tratar otros asuntos.\" \/>\n<meta name=\"robots\" content=\"index, follow, max-snippet:-1, max-image-preview:large, max-video-preview:-1\" \/>\n<link rel=\"canonical\" href=\"https:\/\/www.allstrategy.com\/es\/contacto\/\" \/>\n<meta property=\"og:locale\" content=\"pt_BR\" \/>\n<meta property=\"og:type\" content=\"article\" \/>\n<meta property=\"og:title\" content=\"Contacto - AllStrategy\" \/>\n<meta property=\"og:description\" content=\"P\u00f3ngase en contacto con nosotros para obtener m\u00e1s informaci\u00f3n sobre nuestras soluciones, solicitar ayuda a nuestro equipo t\u00e9cnico o tratar otros asuntos.\" \/>\n<meta property=\"og:url\" content=\"https:\/\/www.allstrategy.com\/es\/contacto\/\" \/>\n<meta property=\"og:site_name\" content=\"AllStrategy\" \/>\n<meta property=\"article:publisher\" content=\"https:\/\/www.facebook.com\/allstrategy.software\/\" \/>\n<meta property=\"article:modified_time\" content=\"2023-11-09T13:18:18+00:00\" \/>\n<meta name=\"twitter:card\" content=\"summary_large_image\" \/>\n<script type=\"application\/ld+json\" class=\"yoast-schema-graph\">{\"@context\":\"https:\/\/schema.org\",\"@graph\":[{\"@type\":\"WebPage\",\"@id\":\"https:\/\/www.allstrategy.com\/es\/contacto\/\",\"url\":\"https:\/\/www.allstrategy.com\/es\/contacto\/\",\"name\":\"Contacto - AllStrategy\",\"isPartOf\":{\"@id\":\"https:\/\/www.allstrategy.com\/es\/#website\"},\"datePublished\":\"2023-06-14T15:22:40+00:00\",\"dateModified\":\"2023-11-09T13:18:18+00:00\",\"description\":\"P\u00f3ngase en contacto con nosotros para obtener m\u00e1s informaci\u00f3n sobre nuestras soluciones, solicitar ayuda a nuestro equipo t\u00e9cnico o tratar otros asuntos.\",\"breadcrumb\":{\"@id\":\"https:\/\/www.allstrategy.com\/es\/contacto\/#breadcrumb\"},\"inLanguage\":\"pt-BR\",\"potentialAction\":[{\"@type\":\"ReadAction\",\"target\":[\"https:\/\/www.allstrategy.com\/es\/contacto\/\"]}]},{\"@type\":\"BreadcrumbList\",\"@id\":\"https:\/\/www.allstrategy.com\/es\/contacto\/#breadcrumb\",\"itemListElement\":[{\"@type\":\"ListItem\",\"position\":1,\"name\":\"In\u00edcio\",\"item\":\"https:\/\/www.allstrategy.com\/es\/\"},{\"@type\":\"ListItem\",\"position\":2,\"name\":\"Contato\"}]},{\"@type\":\"WebSite\",\"@id\":\"https:\/\/www.allstrategy.com\/es\/#website\",\"url\":\"https:\/\/www.allstrategy.com\/es\/\",\"name\":\"AllStrategy - Softwares para Planejamento Or\u00e7ament\u00e1rio e Fluxo de Caixa\",\"description\":\"Softwares para Gest\u00e3o Financeira\",\"potentialAction\":[{\"@type\":\"SearchAction\",\"target\":{\"@type\":\"EntryPoint\",\"urlTemplate\":\"https:\/\/www.allstrategy.com\/es\/?s={search_term_string}\"},\"query-input\":\"required name=search_term_string\"}],\"inLanguage\":\"pt-BR\"}]}<\/script>\n<!-- \/ Yoast SEO plugin. -->","yoast_head_json":{"title":"Contacto - AllStrategy","description":"P\u00f3ngase en contacto con nosotros para obtener m\u00e1s informaci\u00f3n sobre nuestras soluciones, solicitar ayuda a nuestro equipo t\u00e9cnico o tratar otros asuntos.","robots":{"index":"index","follow":"follow","max-snippet":"max-snippet:-1","max-image-preview":"max-image-preview:large","max-video-preview":"max-video-preview:-1"},"canonical":"https:\/\/www.allstrategy.com\/es\/contacto\/","og_locale":"pt_BR","og_type":"article","og_title":"Contacto - AllStrategy","og_description":"P\u00f3ngase en contacto con nosotros para obtener m\u00e1s informaci\u00f3n sobre nuestras soluciones, solicitar ayuda a nuestro equipo t\u00e9cnico o tratar otros asuntos.","og_url":"https:\/\/www.allstrategy.com\/es\/contacto\/","og_site_name":"AllStrategy","article_publisher":"https:\/\/www.facebook.com\/allstrategy.software\/","article_modified_time":"2023-11-09T13:18:18+00:00","twitter_card":"summary_large_image","schema":{"@context":"https:\/\/schema.org","@graph":[{"@type":"WebPage","@id":"https:\/\/www.allstrategy.com\/es\/contacto\/","url":"https:\/\/www.allstrategy.com\/es\/contacto\/","name":"Contacto - AllStrategy","isPartOf":{"@id":"https:\/\/www.allstrategy.com\/es\/#website"},"datePublished":"2023-06-14T15:22:40+00:00","dateModified":"2023-11-09T13:18:18+00:00","description":"P\u00f3ngase en contacto con nosotros para obtener m\u00e1s informaci\u00f3n sobre nuestras soluciones, solicitar ayuda a nuestro equipo t\u00e9cnico o tratar otros asuntos.","breadcrumb":{"@id":"https:\/\/www.allstrategy.com\/es\/contacto\/#breadcrumb"},"inLanguage":"pt-BR","potentialAction":[{"@type":"ReadAction","target":["https:\/\/www.allstrategy.com\/es\/contacto\/"]}]},{"@type":"BreadcrumbList","@id":"https:\/\/www.allstrategy.com\/es\/contacto\/#breadcrumb","itemListElement":[{"@type":"ListItem","position":1,"name":"In\u00edcio","item":"https:\/\/www.allstrategy.com\/es\/"},{"@type":"ListItem","position":2,"name":"Contato"}]},{"@type":"WebSite","@id":"https:\/\/www.allstrategy.com\/es\/#website","url":"https:\/\/www.allstrategy.com\/es\/","name":"AllStrategy - Softwares para Planejamento Or\u00e7ament\u00e1rio e Fluxo de Caixa","description":"Softwares para Gest\u00e3o Financeira","potentialAction":[{"@type":"SearchAction","target":{"@type":"EntryPoint","urlTemplate":"https:\/\/www.allstrategy.com\/es\/?s={search_term_string}"},"query-input":"required name=search_term_string"}],"inLanguage":"pt-BR"}]}},"_links":{"self":[{"href":"https:\/\/www.allstrategy.com\/es\/wp-json\/wp\/v2\/pages\/117","targetHints":{"allow":["GET"]}}],"collection":[{"href":"https:\/\/www.allstrategy.com\/es\/wp-json\/wp\/v2\/pages"}],"about":[{"href":"https:\/\/www.allstrategy.com\/es\/wp-json\/wp\/v2\/types\/page"}],"author":[{"embeddable":true,"href":"https:\/\/www.allstrategy.com\/es\/wp-json\/wp\/v2\/users\/1"}],"replies":[{"embeddable":true,"href":"https:\/\/www.allstrategy.com\/es\/wp-json\/wp\/v2\/comments?post=117"}],"version-history":[{"count":31,"href":"https:\/\/www.allstrategy.com\/es\/wp-json\/wp\/v2\/pages\/117\/revisions"}],"predecessor-version":[{"id":4831,"href":"https:\/\/www.allstrategy.com\/es\/wp-json\/wp\/v2\/pages\/117\/revisions\/4831"}],"wp:attachment":[{"href":"https:\/\/www.allstrategy.com\/es\/wp-json\/wp\/v2\/media?parent=117"}],"curies":[{"name":"wp","href":"https:\/\/api.w.org\/{rel}","templated":true}]}}